{"id":40,"date":"2013-03-24T23:26:18","date_gmt":"2013-03-24T21:26:18","guid":{"rendered":"http:\/\/augusthunt.ee\/egon\/?page_id=40"},"modified":"2018-06-04T22:48:05","modified_gmt":"2018-06-04T19:48:05","slug":"mida-veel-on-vaja-teada-ja-ohutus","status":"publish","type":"page","link":"https:\/\/batuudimaailm.eu\/?page_id=40","title":{"rendered":"Batuutide kasutamise reeglid ja  lisainfo (\u00f5hkbatuudid)"},"content":{"rendered":"<p><span style=\"color: #ff0000;\">NB! Muudatus hindades ( suure n\u00f5udlusega kuup\u00e4evadel rendihinnad v\u00f5ivad muutuda !)<\/span><\/p>\n<p>NB! Rendihindadele lisandub transport ja paigaldus !\u00a0 (Raasiku ja Rae vald rendibatuudi transport kliendini -50%)<\/p>\n<ul>\n<li>\u00d5hkbatuutide kasutamisel\u00a0 vajalik instrueeritud\u00a0 t\u00e4iskasvanu j\u00e4relvalve ,v\u00f5imalik\u00a0 tellida meie operaator.<\/li>\n<li>Keelatud esemed ja tegevused batuudil: teravad esemed, \u00fclekoormuse tekitamine, jalatsitega h\u00fcppamine, batuutide m\u00e4\u00e4rimine,batuudil s\u00f6\u00f6mine, k\u00f5rgelt lium\u00e4elt\u00a0 otse alla h\u00fcppamine,pea ees laskumine\u00a0 jms. tegevus.Keelatud on batuudi seintele ronimine, batuudi k\u00f5igutamine nii seest kui v\u00e4ljast!Batuudikohase laste piirarvu \u00fcletamine keelatud.<\/li>\n<li>Batuudil on keelatud \u00fckteise t\u00f5ukamine,saltode tegemine ,lamamine teiste laste vahel,lium\u00e4elt tuleb lasta alla \u00fchekaupa ja mitte enne kui liurada on vaba<\/li>\n<li>\u00a0 Soovitav on lapsed grupeerida: suured eraldi ja v\u00e4ikesed eraldi !<\/li>\n<li>Laste \u00f5hkbatuutidel ei tohi h\u00fcpata t\u00e4iskasvanud !<\/li>\n<li>Batuutidel on alaosas kinnitusaasad , l\u00e4bi mille tuleb\u00a0 kinnitada batuut maa k\u00fclge &#8211; Kinnitusvaiu peab olema piisavas koguses ,nad peavad olema \u00f5ige suurusega ning keskaasade olemasolul tuleb batuut kinnitada ka sealt\u00a0 !<\/li>\n<li>Batuudi paigaldamisel\u00a0 k\u00f5vale pinnasele lahendatakse kinnitused- betoonraskused + keskaasadest k\u00f6itega + lisatakse pehmendused v\u00e4ljap\u00e4\u00e4su ette.<\/li>\n<li>Batuute on keelatud kasutada tugeva tuulega !<\/li>\n<li>Vihmaga katta ventilaator spetsiaal\u00fcmbrisega ja\u00a0 katkestada h\u00fcppamine, kuid batuuti ei ole soovitav v\u00e4lja l\u00fclitada, et v\u00e4ltida vee sattumist batuudi sisse.Kui vihm l\u00f5peb, kuivatada h\u00fcppepind ning tegevus v\u00f5ib j\u00e4tkuda . Tuule ja p\u00e4ikese k\u00e4es kuivab batuut\u00a0 kiiresti.<\/li>\n<li><span style=\"color: #ff0000;\">Eriti j\u00e4lgida<\/span> ,et ei ronitaks batuudi v\u00e4lisseintele ja katustele (kohe sekkuda!)<\/li>\n<li>Voolu katkemisel -rahulikult juhatada lapsed v\u00e4lja\u00a0 ,batuut ei kuku kohe kokku ! Voolujuhe IP 44\u00a0 vedada laste jooksuteest eemal!<\/li>\n<li>Batuutide piltide\u00a0 all on\u00a0 hinnad ja batuudikohane laste arv, kaal, suurus jms.<\/li>\n<li>NB! Soovitame erapidudele batuute ,mille kogu v\u00e4lispiire on kinnine,kuna n\u00e4it.lapse s\u00fcnnip\u00e4evapeol v\u00f5ib kohaliku valvuri t\u00e4helepanu olla hajutatud!<\/li>\n<li>Koduaeda soovitame paigaldada batuut selliselt ,et\u00a0 batuudi sissep\u00e4\u00e4s ja h\u00fcppeala oleks t\u00e4iskasvanutele\u00a0 h\u00e4sti j\u00e4lgitavad.<\/li>\n<li>Enne \u00fcrituse algust tuleks teha v\u00e4ike laste koosolek ,kus selgitatakse ohutusreegleid .Operaator annab kirjalikud ohutusreeglid+ on reeglid batuudil.<\/li>\n<li>\u00a0Selgitada lastele ka elektriohutusreegleid ja j\u00e4lgida,et lapsed ei l\u00e4heneks ventilaatorile ega elektri\u00fchendustele.<\/li>\n<li>Batuutidel tuleb kasutada spetsiaalseid \u00f5hkbatuutide ventilaatoreid ,mis \u00fchendatakse rikkevoolukaitsmega varustatud pistikusse.<\/li>\n<li>Batuut vajab ka \u00f5igeid\u00a0 lisatarvikuid &#8211; vaibad, jooksuteed ,m\u00fcra-vihmakatted ventilaatorile ,vaiad pikkusega min.30cm.,vile operaatorile,kinnitusk\u00f6ied<\/li>\n<li>Batuudil olles on laps lapsevanema v\u00f5i hooldaja vastutusel,kes ka otsustab ,kas laps v\u00f5ib minna batuudile v\u00f5i mitte.<\/li>\n<li>Reeglite j\u00e4rgimisel on \u00f5hkbatuudid lastele ohutud .<\/li>\n<li>Nailonbatuutide paigaldusjuhendi video siin\u00a0\u00a0 http:\/\/batuudimaailm.eu\/?p=109<\/li>\n<li>NB! <span style=\"color: #ff0000;\">NAILONBATUUDID SOBIVAD AINULT EELKOOLIEALISTELE LASTELE <\/span>!<\/li>\n<li>Meil batuudi tellimuse\u00a0 annulleerimine on tasuta\u00a0 !<\/li>\n<li>Lisak\u00fcsimused tel. 5038628<\/li>\n<li>NB! Sportbatuutidele kehtivad teised reeglid<\/li>\n<li>Kuna viimasel ajal on olnud palju k\u00fcsimusi\u00a0 batuudivaiade kohta, siis lisan EU normvaiade pildi,milliseid kasutame (k.a. k\u00f5rgemate batuutide k\u00fclgvaiad )<\/li>\n<li>\n<h2>Batuudi vaiad<\/h2>\n<\/li>\n<li>\n<p><div id=\"attachment_1366\" style=\"width: 717px\" class=\"wp-caption alignnone\"><a href=\"http:\/\/batuudimaailm.eu\/wp-content\/uploads\/2013\/03\/Batuudi-vaiad.bmp\"><img loading=\"lazy\" decoding=\"async\" aria-describedby=\"caption-attachment-1366\" class=\"size-large wp-image-1366\" src=\"http:\/\/batuudimaailm.eu\/wp-content\/uploads\/2013\/03\/Batuudi-vaiad-1024x768.bmp\" alt=\"batuudivaiad\" width=\"707\" height=\"530\" srcset=\"https:\/\/batuudimaailm.eu\/wp-content\/uploads\/2013\/03\/Batuudi-vaiad-1024x768.bmp 1024w, https:\/\/batuudimaailm.eu\/wp-content\/uploads\/2013\/03\/Batuudi-vaiad-300x225.bmp 300w, https:\/\/batuudimaailm.eu\/wp-content\/uploads\/2013\/03\/Batuudi-vaiad.bmp 1600w\" sizes=\"auto, (max-width: 707px) 100vw, 707px\" \/><\/a><p id=\"caption-attachment-1366\" class=\"wp-caption-text\">Batuudivaiad<\/p><\/div><\/li>\n<\/ul>\n","protected":false},"excerpt":{"rendered":"<p>NB! Muudatus hindades ( suure n\u00f5udlusega kuup\u00e4evadel rendihinnad v\u00f5ivad muutuda !) NB! Rendihindadele lisandub transport ja paigaldus !\u00a0 [&hellip;]<\/p>\n","protected":false},"author":1,"featured_media":0,"parent":0,"menu_order":5,"comment_status":"closed","ping_status":"closed","template":"","meta":{"footnotes":"","_links_to":"","_links_to_target":""},"class_list":["post-40","page","type-page","status-publish","hentry"],"yoast_head":"<!-- This site is optimized with the Yoast SEO plugin v27.3 - https:\/\/yoast.com\/product\/yoast-seo-wordpress\/ -->\n<title>Batuutide kasutamise reeglid ja lisainfo (\u00f5hkbatuudid) - BATUUTIDE RENT<\/title>\n<meta name=\"robots\" content=\"index, follow, max-snippet:-1, max-image-preview:large, max-video-preview:-1\" \/>\n<link rel=\"canonical\" href=\"https:\/\/www.batuudimaailm.eu\/?page_id=40\" \/>\n<meta property=\"og:locale\" content=\"et_EE\" \/>\n<meta property=\"og:type\" content=\"article\" \/>\n<meta property=\"og:title\" content=\"Batuutide kasutamise reeglid ja lisainfo (\u00f5hkbatuudid) - BATUUTIDE RENT\" \/>\n<meta property=\"og:description\" content=\"NB! Muudatus hindades ( suure n\u00f5udlusega kuup\u00e4evadel rendihinnad v\u00f5ivad muutuda !) NB! Rendihindadele lisandub transport ja paigaldus !\u00a0 [&hellip;]\" \/>\n<meta property=\"og:url\" content=\"https:\/\/www.batuudimaailm.eu\/?page_id=40\" \/>\n<meta property=\"og:site_name\" content=\"BATUUTIDE RENT\" \/>\n<meta property=\"article:modified_time\" content=\"2018-06-04T19:48:05+00:00\" \/>\n<meta property=\"og:image\" content=\"http:\/\/batuudimaailm.eu\/wp-content\/uploads\/2013\/03\/Batuudi-vaiad-1024x768.bmp\" \/>\n<meta name=\"twitter:card\" content=\"summary_large_image\" \/>\n<meta name=\"twitter:label1\" content=\"Est. reading time\" \/>\n\t<meta name=\"twitter:data1\" content=\"2 minutit\" \/>\n<script type=\"application\/ld+json\" class=\"yoast-schema-graph\">{\"@context\":\"https:\\\/\\\/schema.org\",\"@graph\":[{\"@type\":\"WebPage\",\"@id\":\"https:\\\/\\\/www.batuudimaailm.eu\\\/?page_id=40\",\"url\":\"https:\\\/\\\/www.batuudimaailm.eu\\\/?page_id=40\",\"name\":\"Batuutide kasutamise reeglid ja lisainfo (\u00f5hkbatuudid) - BATUUTIDE RENT\",\"isPartOf\":{\"@id\":\"https:\\\/\\\/batuudimaailm.eu\\\/#website\"},\"primaryImageOfPage\":{\"@id\":\"https:\\\/\\\/www.batuudimaailm.eu\\\/?page_id=40#primaryimage\"},\"image\":{\"@id\":\"https:\\\/\\\/www.batuudimaailm.eu\\\/?page_id=40#primaryimage\"},\"thumbnailUrl\":\"http:\\\/\\\/batuudimaailm.eu\\\/wp-content\\\/uploads\\\/2013\\\/03\\\/Batuudi-vaiad-1024x768.bmp\",\"datePublished\":\"2013-03-24T21:26:18+00:00\",\"dateModified\":\"2018-06-04T19:48:05+00:00\",\"breadcrumb\":{\"@id\":\"https:\\\/\\\/www.batuudimaailm.eu\\\/?page_id=40#breadcrumb\"},\"inLanguage\":\"et\",\"potentialAction\":[{\"@type\":\"ReadAction\",\"target\":[\"https:\\\/\\\/www.batuudimaailm.eu\\\/?page_id=40\"]}]},{\"@type\":\"ImageObject\",\"inLanguage\":\"et\",\"@id\":\"https:\\\/\\\/www.batuudimaailm.eu\\\/?page_id=40#primaryimage\",\"url\":\"https:\\\/\\\/batuudimaailm.eu\\\/wp-content\\\/uploads\\\/2013\\\/03\\\/Batuudi-vaiad.bmp\",\"contentUrl\":\"https:\\\/\\\/batuudimaailm.eu\\\/wp-content\\\/uploads\\\/2013\\\/03\\\/Batuudi-vaiad.bmp\",\"width\":1600,\"height\":1200,\"caption\":\"Batuudivaiad\"},{\"@type\":\"BreadcrumbList\",\"@id\":\"https:\\\/\\\/www.batuudimaailm.eu\\\/?page_id=40#breadcrumb\",\"itemListElement\":[{\"@type\":\"ListItem\",\"position\":1,\"name\":\"Home\",\"item\":\"https:\\\/\\\/batuudimaailm.eu\\\/\"},{\"@type\":\"ListItem\",\"position\":2,\"name\":\"Batuutide kasutamise reeglid ja lisainfo (\u00f5hkbatuudid)\"}]},{\"@type\":\"WebSite\",\"@id\":\"https:\\\/\\\/batuudimaailm.eu\\\/#website\",\"url\":\"https:\\\/\\\/batuudimaailm.eu\\\/\",\"name\":\"BATUUTIDE RENT\",\"description\":\"Batuutide rent\",\"potentialAction\":[{\"@type\":\"SearchAction\",\"target\":{\"@type\":\"EntryPoint\",\"urlTemplate\":\"https:\\\/\\\/batuudimaailm.eu\\\/?s={search_term_string}\"},\"query-input\":{\"@type\":\"PropertyValueSpecification\",\"valueRequired\":true,\"valueName\":\"search_term_string\"}}],\"inLanguage\":\"et\"}]}<\/script>\n<!-- \/ Yoast SEO plugin. -->","yoast_head_json":{"title":"Batuutide kasutamise reeglid ja lisainfo (\u00f5hkbatuudid) - BATUUTIDE RENT","robots":{"index":"index","follow":"follow","max-snippet":"max-snippet:-1","max-image-preview":"max-image-preview:large","max-video-preview":"max-video-preview:-1"},"canonical":"https:\/\/www.batuudimaailm.eu\/?page_id=40","og_locale":"et_EE","og_type":"article","og_title":"Batuutide kasutamise reeglid ja lisainfo (\u00f5hkbatuudid) - BATUUTIDE RENT","og_description":"NB! Muudatus hindades ( suure n\u00f5udlusega kuup\u00e4evadel rendihinnad v\u00f5ivad muutuda !) NB! Rendihindadele lisandub transport ja paigaldus !\u00a0 [&hellip;]","og_url":"https:\/\/www.batuudimaailm.eu\/?page_id=40","og_site_name":"BATUUTIDE RENT","article_modified_time":"2018-06-04T19:48:05+00:00","og_image":[{"url":"http:\/\/batuudimaailm.eu\/wp-content\/uploads\/2013\/03\/Batuudi-vaiad-1024x768.bmp","type":"","width":"","height":""}],"twitter_card":"summary_large_image","twitter_misc":{"Est. reading time":"2 minutit"},"schema":{"@context":"https:\/\/schema.org","@graph":[{"@type":"WebPage","@id":"https:\/\/www.batuudimaailm.eu\/?page_id=40","url":"https:\/\/www.batuudimaailm.eu\/?page_id=40","name":"Batuutide kasutamise reeglid ja lisainfo (\u00f5hkbatuudid) - BATUUTIDE RENT","isPartOf":{"@id":"https:\/\/batuudimaailm.eu\/#website"},"primaryImageOfPage":{"@id":"https:\/\/www.batuudimaailm.eu\/?page_id=40#primaryimage"},"image":{"@id":"https:\/\/www.batuudimaailm.eu\/?page_id=40#primaryimage"},"thumbnailUrl":"http:\/\/batuudimaailm.eu\/wp-content\/uploads\/2013\/03\/Batuudi-vaiad-1024x768.bmp","datePublished":"2013-03-24T21:26:18+00:00","dateModified":"2018-06-04T19:48:05+00:00","breadcrumb":{"@id":"https:\/\/www.batuudimaailm.eu\/?page_id=40#breadcrumb"},"inLanguage":"et","potentialAction":[{"@type":"ReadAction","target":["https:\/\/www.batuudimaailm.eu\/?page_id=40"]}]},{"@type":"ImageObject","inLanguage":"et","@id":"https:\/\/www.batuudimaailm.eu\/?page_id=40#primaryimage","url":"https:\/\/batuudimaailm.eu\/wp-content\/uploads\/2013\/03\/Batuudi-vaiad.bmp","contentUrl":"https:\/\/batuudimaailm.eu\/wp-content\/uploads\/2013\/03\/Batuudi-vaiad.bmp","width":1600,"height":1200,"caption":"Batuudivaiad"},{"@type":"BreadcrumbList","@id":"https:\/\/www.batuudimaailm.eu\/?page_id=40#breadcrumb","itemListElement":[{"@type":"ListItem","position":1,"name":"Home","item":"https:\/\/batuudimaailm.eu\/"},{"@type":"ListItem","position":2,"name":"Batuutide kasutamise reeglid ja lisainfo (\u00f5hkbatuudid)"}]},{"@type":"WebSite","@id":"https:\/\/batuudimaailm.eu\/#website","url":"https:\/\/batuudimaailm.eu\/","name":"BATUUTIDE RENT","description":"Batuutide rent","potentialAction":[{"@type":"SearchAction","target":{"@type":"EntryPoint","urlTemplate":"https:\/\/batuudimaailm.eu\/?s={search_term_string}"},"query-input":{"@type":"PropertyValueSpecification","valueRequired":true,"valueName":"search_term_string"}}],"inLanguage":"et"}]}},"_links":{"self":[{"href":"https:\/\/batuudimaailm.eu\/index.php?rest_route=\/wp\/v2\/pages\/40","targetHints":{"allow":["GET"]}}],"collection":[{"href":"https:\/\/batuudimaailm.eu\/index.php?rest_route=\/wp\/v2\/pages"}],"about":[{"href":"https:\/\/batuudimaailm.eu\/index.php?rest_route=\/wp\/v2\/types\/page"}],"author":[{"embeddable":true,"href":"https:\/\/batuudimaailm.eu\/index.php?rest_route=\/wp\/v2\/users\/1"}],"replies":[{"embeddable":true,"href":"https:\/\/batuudimaailm.eu\/index.php?rest_route=%2Fwp%2Fv2%2Fcomments&post=40"}],"version-history":[{"count":5,"href":"https:\/\/batuudimaailm.eu\/index.php?rest_route=\/wp\/v2\/pages\/40\/revisions"}],"predecessor-version":[{"id":1260,"href":"https:\/\/batuudimaailm.eu\/index.php?rest_route=\/wp\/v2\/pages\/40\/revisions\/1260"}],"wp:attachment":[{"href":"https:\/\/batuudimaailm.eu\/index.php?rest_route=%2Fwp%2Fv2%2Fmedia&parent=40"}],"curies":[{"name":"wp","href":"https:\/\/api.w.org\/{rel}","templated":true}]}}