{"id":133,"date":"2013-03-26T00:05:35","date_gmt":"2013-03-25T22:05:35","guid":{"rendered":"http:\/\/augusthunt.ee\/egon\/?page_id=133"},"modified":"2018-06-04T22:56:55","modified_gmt":"2018-06-04T19:56:55","slug":"kontakt-ja-tellimine","status":"publish","type":"page","link":"https:\/\/batuudimaailm.eu\/?page_id=133","title":{"rendered":"Kontakt ja tellimine"},"content":{"rendered":"<p><strong>Batuudimaailm<\/strong><br \/>\nReg. nr.: 11164644<br \/>\nTallinn, Mustam\u00e4e<br \/>\nVilde tee 126a<\/p>\n<p>Meie laod asuvad: Tallinnas-\u00a0 Mustam\u00e4el,\u00a0 Aruk\u00fclas- Raasiku vallas ja J\u00fcris -Rae vallas.<br \/>\nK\u00e4ttesaamise koha v\u00f5i meie transpordi t\u00e4psustame tellimisel.<\/p>\n<p><span style=\"color: #ff0000;\">NB! Nailonbatuudid on ainult v\u00e4ikelastele , kui peol on ka suuremaid lapsi- soovitame PVC batuute!<\/span><\/p>\n<h1>Tellimistelefon: 5038628<br \/>\ne-mail: <a href=\"mailto: trampo.liini@gmail.com\">trampo.liini@gmail.com<\/a><\/h1>\n","protected":false},"excerpt":{"rendered":"<p>Batuudimaailm Reg. nr.: 11164644 Tallinn, Mustam\u00e4e Vilde tee 126a Meie laod asuvad: Tallinnas-\u00a0 Mustam\u00e4el,\u00a0 Aruk\u00fclas- Raasiku vallas ja [&hellip;]<\/p>\n","protected":false},"author":1,"featured_media":0,"parent":0,"menu_order":7,"comment_status":"closed","ping_status":"closed","template":"","meta":{"footnotes":"","_links_to":"","_links_to_target":""},"class_list":["post-133","page","type-page","status-publish","hentry"],"yoast_head":"<!-- This site is optimized with the Yoast SEO plugin v27.5 - https:\/\/yoast.com\/product\/yoast-seo-wordpress\/ -->\n<title>Kontakt ja tellimine - BATUUTIDE RENT<\/title>\n<meta name=\"robots\" content=\"index, follow, max-snippet:-1, max-image-preview:large, max-video-preview:-1\" \/>\n<link rel=\"canonical\" href=\"https:\/\/batuudimaailm.eu\/?page_id=133\" \/>\n<meta property=\"og:locale\" content=\"et_EE\" \/>\n<meta property=\"og:type\" content=\"article\" \/>\n<meta property=\"og:title\" content=\"Kontakt ja tellimine - BATUUTIDE RENT\" \/>\n<meta property=\"og:description\" content=\"Batuudimaailm Reg. nr.: 11164644 Tallinn, Mustam\u00e4e Vilde tee 126a Meie laod asuvad: Tallinnas-\u00a0 Mustam\u00e4el,\u00a0 Aruk\u00fclas- Raasiku vallas ja [&hellip;]\" \/>\n<meta property=\"og:url\" content=\"https:\/\/batuudimaailm.eu\/?page_id=133\" \/>\n<meta property=\"og:site_name\" content=\"BATUUTIDE RENT\" \/>\n<meta property=\"article:modified_time\" content=\"2018-06-04T19:56:55+00:00\" \/>\n<meta name=\"twitter:card\" content=\"summary_large_image\" \/>\n<script type=\"application\/ld+json\" class=\"yoast-schema-graph\">{\"@context\":\"https:\\\/\\\/schema.org\",\"@graph\":[{\"@type\":\"WebPage\",\"@id\":\"https:\\\/\\\/batuudimaailm.eu\\\/?page_id=133\",\"url\":\"https:\\\/\\\/batuudimaailm.eu\\\/?page_id=133\",\"name\":\"Kontakt ja tellimine - BATUUTIDE RENT\",\"isPartOf\":{\"@id\":\"https:\\\/\\\/batuudimaailm.eu\\\/#website\"},\"datePublished\":\"2013-03-25T22:05:35+00:00\",\"dateModified\":\"2018-06-04T19:56:55+00:00\",\"breadcrumb\":{\"@id\":\"https:\\\/\\\/batuudimaailm.eu\\\/?page_id=133#breadcrumb\"},\"inLanguage\":\"et\",\"potentialAction\":[{\"@type\":\"ReadAction\",\"target\":[\"https:\\\/\\\/batuudimaailm.eu\\\/?page_id=133\"]}]},{\"@type\":\"BreadcrumbList\",\"@id\":\"https:\\\/\\\/batuudimaailm.eu\\\/?page_id=133#breadcrumb\",\"itemListElement\":[{\"@type\":\"ListItem\",\"position\":1,\"name\":\"Home\",\"item\":\"https:\\\/\\\/batuudimaailm.eu\\\/\"},{\"@type\":\"ListItem\",\"position\":2,\"name\":\"Kontakt ja tellimine\"}]},{\"@type\":\"WebSite\",\"@id\":\"https:\\\/\\\/batuudimaailm.eu\\\/#website\",\"url\":\"https:\\\/\\\/batuudimaailm.eu\\\/\",\"name\":\"BATUUTIDE RENT\",\"description\":\"Batuutide rent\",\"potentialAction\":[{\"@type\":\"SearchAction\",\"target\":{\"@type\":\"EntryPoint\",\"urlTemplate\":\"https:\\\/\\\/batuudimaailm.eu\\\/?s={search_term_string}\"},\"query-input\":{\"@type\":\"PropertyValueSpecification\",\"valueRequired\":true,\"valueName\":\"search_term_string\"}}],\"inLanguage\":\"et\"}]}<\/script>\n<!-- \/ Yoast SEO plugin. -->","yoast_head_json":{"title":"Kontakt ja tellimine - BATUUTIDE RENT","robots":{"index":"index","follow":"follow","max-snippet":"max-snippet:-1","max-image-preview":"max-image-preview:large","max-video-preview":"max-video-preview:-1"},"canonical":"https:\/\/batuudimaailm.eu\/?page_id=133","og_locale":"et_EE","og_type":"article","og_title":"Kontakt ja tellimine - BATUUTIDE RENT","og_description":"Batuudimaailm Reg. nr.: 11164644 Tallinn, Mustam\u00e4e Vilde tee 126a Meie laod asuvad: Tallinnas-\u00a0 Mustam\u00e4el,\u00a0 Aruk\u00fclas- Raasiku vallas ja [&hellip;]","og_url":"https:\/\/batuudimaailm.eu\/?page_id=133","og_site_name":"BATUUTIDE RENT","article_modified_time":"2018-06-04T19:56:55+00:00","twitter_card":"summary_large_image","schema":{"@context":"https:\/\/schema.org","@graph":[{"@type":"WebPage","@id":"https:\/\/batuudimaailm.eu\/?page_id=133","url":"https:\/\/batuudimaailm.eu\/?page_id=133","name":"Kontakt ja tellimine - BATUUTIDE RENT","isPartOf":{"@id":"https:\/\/batuudimaailm.eu\/#website"},"datePublished":"2013-03-25T22:05:35+00:00","dateModified":"2018-06-04T19:56:55+00:00","breadcrumb":{"@id":"https:\/\/batuudimaailm.eu\/?page_id=133#breadcrumb"},"inLanguage":"et","potentialAction":[{"@type":"ReadAction","target":["https:\/\/batuudimaailm.eu\/?page_id=133"]}]},{"@type":"BreadcrumbList","@id":"https:\/\/batuudimaailm.eu\/?page_id=133#breadcrumb","itemListElement":[{"@type":"ListItem","position":1,"name":"Home","item":"https:\/\/batuudimaailm.eu\/"},{"@type":"ListItem","position":2,"name":"Kontakt ja tellimine"}]},{"@type":"WebSite","@id":"https:\/\/batuudimaailm.eu\/#website","url":"https:\/\/batuudimaailm.eu\/","name":"BATUUTIDE RENT","description":"Batuutide rent","potentialAction":[{"@type":"SearchAction","target":{"@type":"EntryPoint","urlTemplate":"https:\/\/batuudimaailm.eu\/?s={search_term_string}"},"query-input":{"@type":"PropertyValueSpecification","valueRequired":true,"valueName":"search_term_string"}}],"inLanguage":"et"}]}},"_links":{"self":[{"href":"https:\/\/batuudimaailm.eu\/index.php?rest_route=\/wp\/v2\/pages\/133","targetHints":{"allow":["GET"]}}],"collection":[{"href":"https:\/\/batuudimaailm.eu\/index.php?rest_route=\/wp\/v2\/pages"}],"about":[{"href":"https:\/\/batuudimaailm.eu\/index.php?rest_route=\/wp\/v2\/types\/page"}],"author":[{"embeddable":true,"href":"https:\/\/batuudimaailm.eu\/index.php?rest_route=\/wp\/v2\/users\/1"}],"replies":[{"embeddable":true,"href":"https:\/\/batuudimaailm.eu\/index.php?rest_route=%2Fwp%2Fv2%2Fcomments&post=133"}],"version-history":[{"count":5,"href":"https:\/\/batuudimaailm.eu\/index.php?rest_route=\/wp\/v2\/pages\/133\/revisions"}],"predecessor-version":[{"id":1628,"href":"https:\/\/batuudimaailm.eu\/index.php?rest_route=\/wp\/v2\/pages\/133\/revisions\/1628"}],"wp:attachment":[{"href":"https:\/\/batuudimaailm.eu\/index.php?rest_route=%2Fwp%2Fv2%2Fmedia&parent=133"}],"curies":[{"name":"wp","href":"https:\/\/api.w.org\/{rel}","templated":true}]}}